{"id":1858,"date":"2025-01-09T10:55:27","date_gmt":"2025-01-09T10:55:27","guid":{"rendered":"https:\/\/nataliehess.de\/?page_id=1858"},"modified":"2025-01-16T11:49:24","modified_gmt":"2025-01-16T11:49:24","slug":"impressum","status":"publish","type":"page","link":"https:\/\/nataliehess.de\/en\/impressum\/","title":{"rendered":"Imprint"},"content":{"rendered":"<div data-elementor-type=\"wp-page\" data-elementor-id=\"1858\" class=\"elementor elementor-1858\">\n\t\t\t\t<div class=\"elementor-element elementor-element-424a494 e-flex e-con-boxed e-con e-parent\" data-id=\"424a494\" data-element_type=\"container\" data-e-type=\"container\">\n\t\t\t\t\t<div class=\"e-con-inner\">\n\t\t\t\t<div class=\"elementor-element elementor-element-cae4fdf elementor-widget__width-initial elementor-widget elementor-widget-heading\" data-id=\"cae4fdf\" data-element_type=\"widget\" data-e-type=\"widget\" data-widget_type=\"heading.default\">\n\t\t\t\t<div class=\"elementor-widget-container\">\n\t\t\t\t\t<h2 class=\"elementor-heading-title elementor-size-default\">Imprint<\/h2>\t\t\t\t<\/div>\n\t\t\t\t<\/div>\n\t\t\t\t\t<\/div>\n\t\t\t\t<\/div>\n\t\t<div class=\"elementor-element elementor-element-8fa1196 e-flex e-con-boxed e-con e-parent\" data-id=\"8fa1196\" data-element_type=\"container\" data-e-type=\"container\">\n\t\t\t\t\t<div class=\"e-con-inner\">\n\t\t\t\t<div class=\"elementor-element elementor-element-1041563 elementor-widget__width-initial elementor-widget elementor-widget-text-editor\" data-id=\"1041563\" data-element_type=\"widget\" data-e-type=\"widget\" data-widget_type=\"text-editor.default\">\n\t\t\t\t<div class=\"elementor-widget-container\">\n\t\t\t\t\t\t\t\t\t<p><strong>Verantwortlich f\u00fcr die Inhalte dieser Homepage gem\u00e4\u00df \u00a75 TMG ist:<br \/><\/strong>Natalie Hess<br \/>Psychological Practice Natalie Hess<br \/>Couples and Relationship Therapy<br \/>Greifswalder Stra\u00dfe 200<br \/>10405 Berlin<\/p><p>Bild- und Videonachweise: CanvaPro<\/p><p><strong>Contact<br \/><\/strong>Email: <a href=\"mailto:praxis@nataliehess.de\">praxis@nataliehess.de<\/a><\/p><p><strong>Berufsbezeichnung und Berufsrechtliche Regelungen<br \/><\/strong>Berufsbezeichung: Psychologin M.Sc., Heilpraktikerin f\u00fcr Psychotherapie<br \/>Verliehen in: Deutschland<\/p><p><strong>Aufsichtsbeh\u00f6rde<br \/><\/strong>Gesundheitsamt Tempfelhof-Sch\u00f6neberg<br \/>Rathausstra\u00dfe 27<br \/>12105 Berlin<br \/><a href=\"https:\/\/www.berlin.de\/ba-tempelhof-schoeneberg\/politik-und-verwaltung\/aemter\/gesundheitsamt\/\">https:\/\/www.berlin.de\/ba-tempelhof-schoeneberg\/politik-und-verwaltung\/aemter\/gesundheitsamt\/<\/a><\/p><p><strong>Redaktionell verantwortlich<br \/><\/strong>Natalie Hess<br \/>Greifswalder Stra\u00dfe 200<br \/>10405 Berlin<\/p><p><strong>Haftung f\u00fcr Inhalte<br \/><\/strong>Alle Inhalte meines Internetauftritts wurden mit gr\u00f6\u00dfter Sorgfalt und nach bestem Gewissen erstellt. F\u00fcr die Richtigkeit, Vollst\u00e4ndigkeit und Aktualit\u00e4t der Inhalte kann ich jedoch keine Gew\u00e4hr \u00fcbernehmen. Als Diensteanbieterin bin ich gem\u00e4\u00df \u00a7 7 Abs.1 TMG f\u00fcr eigene Inhalte auf diesen Seiten nach den allgemeinen Gesetzen verantwortlich. Nach \u00a7\u00a7 8 bis 10 TMG bin ich als Diensteanbieterin jedoch nicht verpflichtet, \u00fcbermittelte oder gespeicherte fremde Informationen zu \u00fcberwachen oder nach Umst\u00e4nden zu forschen, die auf eine rechtswidrige T\u00e4tigkeit hinweisen. Verpflichtungen zur Entfernung oder Sperrung der Nutzung von Informationen nach den allgemeinen Gesetzen bleiben hiervon unber\u00fchrt.<\/p><p>Eine diesbez\u00fcgliche Haftung ist jedoch erst ab dem Zeitpunkt der Kenntniserlangung einer konkreten Rechtsverletzung m\u00f6glich. Bei Bekanntwerden von den o.g. Rechtsverletzungen werde ich diese Inhalte unverz\u00fcglich entfernen.<\/p><p><strong>Haftungsbeschr\u00e4nkung f\u00fcr Links<br \/><\/strong>Meine Webseite enth\u00e4lt Links auf externe Webseiten Dritter. Auf die Inhalte dieser direkt oder indirekt verlinkten Webseiten habe ich keinen Einfluss. Daher kann ich f\u00fcr die \u201eexternen Links\u201c auch keine Gew\u00e4hr auf Richtigkeit der Inhalte \u00fcbernehmen. F\u00fcr die Inhalte der externen Links sind die jeweilige Anbieter*innen oder Betreiber*innen (Urheber) der Seiten verantwortlich.<\/p><p>Die externen Links wurden zum Zeitpunkt der Linksetzung auf m\u00f6gliche Rechtsverst\u00f6\u00dfe \u00fcberpr\u00fcft und waren zum Zeitpunkt der Linksetzung frei von rechtswidrigen Inhalten. Eine st\u00e4ndige inhaltliche \u00dcberpr\u00fcfung der externen Links ist ohne konkrete Anhaltspunkte einer Rechtsverletzung nicht m\u00f6glich. Bei direkten oder indirekten Verlinkungen auf die Webseiten Dritter, die au\u00dferhalb unseres Verantwortungsbereichs liegen, w\u00fcrde eine Haftungsverpflichtung ausschlie\u00dflich in dem Fall nur bestehen, wenn ich von den Inhalten Kenntnis erlangen und es mir technisch m\u00f6glich und zumutbar w\u00e4re, die Nutzung im Falle rechtswidriger Inhalte zu verhindern.<\/p><p>Bei Bekanntwerden von Rechtsverletzungen werde ich die externen Links umgehend entfernen.<\/p><p><strong>Urheberrecht<br \/><\/strong>Die auf meiner Webseite ver\u00f6ffentlichen Inhalte und Werke unterliegen dem deutschen Urheberrecht (<a href=\"http:\/\/www.gesetze-im-internet.de\/bundesrecht\/urhg\/gesamt.pdf\">http:\/\/www.gesetze-im-internet.de\/bundesrecht\/urhg\/gesamt.pdf<\/a>) . Die Vervielf\u00e4ltigung, Bearbeitung, Verbreitung und jede Art der Verwertung des geistigen Eigentums in ideeller und materieller Sicht des Urhebers au\u00dferhalb der Grenzen des Urheberrechtes bed\u00fcrfen der vorherigen schriftlichen Zustimmung des jeweiligen Urhebers i.S.d. Urhebergesetzes (<a href=\"http:\/\/www.gesetze-im-internet.de\/bundesrecht\/urhg\/gesamt.pdf\">http:\/\/www.gesetze-im-internet.de\/bundesrecht\/urhg\/gesamt.pdf<\/a>\u00a0). Downloads und Kopien dieser Seite sind nur f\u00fcr den privaten und nicht kommerziellen Gebrauch erlaubt. Sind die Inhalte auf meiner Webseite nicht von mir erstellt worden, sind die Urheberrechte Dritter zu beachten. Die Inhalte Dritter werden als solche kenntlich gemacht. Sollten Sie trotzdem auf eine Urheberrechtsverletzung aufmerksam werden, bitte ich um einen entsprechenden Hinweis. Bei Bekanntwerden von Rechtsverletzungen werden ich derartige Inhalte unverz\u00fcglich entfernen.\u00a0<\/p><p><strong>EU-Streitschlichtung<br \/><\/strong>Die Europ\u00e4ische Kommission stellt eine Plattform zur Online-Streitbeilegung (OS) bereit: <a href=\"https:\/\/ec.europa.eu\/consumer\/odr\/\">https:\/\/ec.europa.eu\/consumer\/odr\/<\/a><\/p><p><strong>Verbraucherstreitbeilegung\/Universalschlichtungsstelle<br \/><\/strong>Wir sind nicht bereit oder verpflichtet, an Streitbeilegungsverfahren vor einer Verbraucherschlichtungsstelle teilzunehmen.<\/p><p><strong>Zentrale Kontaktstelle nach dem Digital Services Act &#8211; DSA (Verordnung (EU) 2022\/265) <br \/><\/strong>Unsere zentrale Kontaktstelle fu\u0308r Nutzer und Beho\u0308rden nach Art. 11, 12 DSA erreichen Sie wie folgt: E-Mail: praxis@nataliehess.de<br \/>Die fu\u0308r den Kontakt zur Verfu\u0308gung stehenden Sprachen sind: Deutsch, Englisch, Spanisch, Portugiesisch.<\/p><p>Quellen: eRecht24.de, jurarat.de<\/p>\t\t\t\t\t\t\t\t<\/div>\n\t\t\t\t<\/div>\n\t\t\t\t\t<\/div>\n\t\t\t\t<\/div>\n\t\t\t\t<\/div>","protected":false},"excerpt":{"rendered":"<p>Impressum Verantwortlich f\u00fcr die Inhalte dieser Homepage gem\u00e4\u00df \u00a75 TMG ist:Natalie HessPsychologische Praxis Natalie HessPaar- und BeziehungstherapieGreifswalder Stra\u00dfe 20010405 Berlin Bild- und Videonachweise: CanvaPro KontaktEmail: praxis@nataliehess.de Berufsbezeichnung und Berufsrechtliche RegelungenBerufsbezeichung: Psychologin M.Sc., Heilpraktikerin f\u00fcr PsychotherapieVerliehen in: Deutschland Aufsichtsbeh\u00f6rdeGesundheitsamt Tempfelhof-Sch\u00f6nebergRathausstra\u00dfe 2712105 Berlinhttps:\/\/www.berlin.de\/ba-tempelhof-schoeneberg\/politik-und-verwaltung\/aemter\/gesundheitsamt\/ Redaktionell verantwortlichNatalie HessGreifswalder Stra\u00dfe 20010405 Berlin Haftung f\u00fcr InhalteAlle Inhalte meines Internetauftritts wurden mit [&hellip;]<\/p>\n","protected":false},"author":1,"featured_media":0,"parent":0,"menu_order":0,"comment_status":"closed","ping_status":"closed","template":"","meta":{"site-sidebar-layout":"no-sidebar","site-content-layout":"page-builder","ast-site-content-layout":"full-width-container","site-content-style":"default","site-sidebar-style":"default","ast-global-header-display":"","ast-banner-title-visibility":"","ast-main-header-display":"","ast-hfb-above-header-display":"","ast-hfb-below-header-display":"","ast-hfb-mobile-header-display":"","site-post-title":"disabled","ast-breadcrumbs-content":"","ast-featured-img":"disabled","footer-sml-layout":"","ast-disable-related-posts":"","theme-transparent-header-meta":"","adv-header-id-meta":"","stick-header-meta":"","header-above-stick-meta":"","header-main-stick-meta":"","header-below-stick-meta":"","astra-migrate-meta-layouts":"default","ast-page-background-enabled":"default","ast-page-background-meta":{"desktop":{"background-color":"","background-image":"","background-repeat":"repeat","background-position":"center center","background-size":"auto","background-attachment":"scroll","background-type":"","background-media":"","overlay-type":"","overlay-color":"","overlay-opacity":"","overlay-gradient":""},"tablet":{"background-color":"","background-image":"","background-repeat":"repeat","background-position":"center center","background-size":"auto","background-attachment":"scroll","background-type":"","background-media":"","overlay-type":"","overlay-color":"","overlay-opacity":"","overlay-gradient":""},"mobile":{"background-color":"","background-image":"","background-repeat":"repeat","background-position":"center center","background-size":"auto","background-attachment":"scroll","background-type":"","background-media":"","overlay-type":"","overlay-color":"","overlay-opacity":"","overlay-gradient":""}},"ast-content-background-meta":{"desktop":{"background-color":"var(--ast-global-color-5)","background-image":"","background-repeat":"repeat","background-position":"center center","background-size":"auto","background-attachment":"scroll","background-type":"","background-media":"","overlay-type":"","overlay-color":"","overlay-opacity":"","overlay-gradient":""},"tablet":{"background-color":"var(--ast-global-color-5)","background-image":"","background-repeat":"repeat","background-position":"center center","background-size":"auto","background-attachment":"scroll","background-type":"","background-media":"","overlay-type":"","overlay-color":"","overlay-opacity":"","overlay-gradient":""},"mobile":{"background-color":"var(--ast-global-color-5)","background-image":"","background-repeat":"repeat","background-position":"center center","background-size":"auto","background-attachment":"scroll","background-type":"","background-media":"","overlay-type":"","overlay-color":"","overlay-opacity":"","overlay-gradient":""}},"footnotes":""},"class_list":["post-1858","page","type-page","status-publish","hentry"],"aioseo_notices":[],"_links":{"self":[{"href":"https:\/\/nataliehess.de\/en\/wp-json\/wp\/v2\/pages\/1858","targetHints":{"allow":["GET"]}}],"collection":[{"href":"https:\/\/nataliehess.de\/en\/wp-json\/wp\/v2\/pages"}],"about":[{"href":"https:\/\/nataliehess.de\/en\/wp-json\/wp\/v2\/types\/page"}],"author":[{"embeddable":true,"href":"https:\/\/nataliehess.de\/en\/wp-json\/wp\/v2\/users\/1"}],"replies":[{"embeddable":true,"href":"https:\/\/nataliehess.de\/en\/wp-json\/wp\/v2\/comments?post=1858"}],"version-history":[{"count":12,"href":"https:\/\/nataliehess.de\/en\/wp-json\/wp\/v2\/pages\/1858\/revisions"}],"predecessor-version":[{"id":2003,"href":"https:\/\/nataliehess.de\/en\/wp-json\/wp\/v2\/pages\/1858\/revisions\/2003"}],"wp:attachment":[{"href":"https:\/\/nataliehess.de\/en\/wp-json\/wp\/v2\/media?parent=1858"}],"curies":[{"name":"wp","href":"https:\/\/api.w.org\/{rel}","templated":true}]}}